{"id":888,"date":"2013-12-18T20:55:52","date_gmt":"2013-12-18T19:55:52","guid":{"rendered":"http:\/\/www.holstenschule.de\/info\/?page_id=888"},"modified":"2025-09-07T14:37:33","modified_gmt":"2025-09-07T12:37:33","slug":"schul-shirts","status":"publish","type":"page","link":"https:\/\/www.holstenschule.de\/info\/schul-shirts\/","title":{"rendered":"Schul-Shirts"},"content":{"rendered":"\n<p>Es sind Shirts und Hoodies mit Logo 1 (zweifarbig mit Silhouette der Schule) und Logo 2 (einfarbig, rund) erh\u00e4ltlich:<\/p>\n\n\n\n<figure class=\"wp-block-gallery has-nested-images columns-default is-cropped wp-block-gallery-1 is-layout-flex wp-block-gallery-is-layout-flex\">\n<figure class=\"wp-block-image size-large\"><img loading=\"lazy\" decoding=\"async\" width=\"896\" height=\"627\" data-id=\"19187\" src=\"https:\/\/www.holstenschule.de\/info\/wp-content\/uploads\/2022\/06\/IMG-20220614-WA0003-896x627.jpg\" alt=\"\" class=\"wp-image-19187\" srcset=\"https:\/\/www.holstenschule.de\/info\/wp-content\/uploads\/2022\/06\/IMG-20220614-WA0003-896x627.jpg 896w, https:\/\/www.holstenschule.de\/info\/wp-content\/uploads\/2022\/06\/IMG-20220614-WA0003-400x280.jpg 400w, https:\/\/www.holstenschule.de\/info\/wp-content\/uploads\/2022\/06\/IMG-20220614-WA0003-768x537.jpg 768w, https:\/\/www.holstenschule.de\/info\/wp-content\/uploads\/2022\/06\/IMG-20220614-WA0003-1536x1074.jpg 1536w, https:\/\/www.holstenschule.de\/info\/wp-content\/uploads\/2022\/06\/IMG-20220614-WA0003.jpg 1600w\" sizes=\"auto, (max-width: 896px) 100vw, 896px\" \/><figcaption class=\"wp-element-caption\">T-Shirts<\/figcaption><\/figure>\n\n\n\n<figure class=\"wp-block-image size-large\"><img loading=\"lazy\" decoding=\"async\" width=\"896\" height=\"751\" data-id=\"19186\" src=\"https:\/\/www.holstenschule.de\/info\/wp-content\/uploads\/2022\/06\/IMG-20220614-WA0002-896x751.jpg\" alt=\"\" class=\"wp-image-19186\" srcset=\"https:\/\/www.holstenschule.de\/info\/wp-content\/uploads\/2022\/06\/IMG-20220614-WA0002-896x751.jpg 896w, https:\/\/www.holstenschule.de\/info\/wp-content\/uploads\/2022\/06\/IMG-20220614-WA0002-400x335.jpg 400w, https:\/\/www.holstenschule.de\/info\/wp-content\/uploads\/2022\/06\/IMG-20220614-WA0002-768x644.jpg 768w, https:\/\/www.holstenschule.de\/info\/wp-content\/uploads\/2022\/06\/IMG-20220614-WA0002-1536x1287.jpg 1536w, https:\/\/www.holstenschule.de\/info\/wp-content\/uploads\/2022\/06\/IMG-20220614-WA0002.jpg 1600w\" sizes=\"auto, (max-width: 896px) 100vw, 896px\" \/><figcaption class=\"wp-element-caption\">Hoodies<\/figcaption><\/figure>\n<\/figure>\n\n\n\n<p>Die Bestellung ist unter Angabe des Typs, der Gr\u00f6\u00dfe, der Farbe und Logo 1 oder Logo 2 zu richten an &#8230;<\/p>\n\n\n\n\n\n<p><strong>E-Mail: schulshirts(at)hs.schule.neumuenster.de<\/strong><\/p>\n\n\n\n\n\n<p><strong>Die verf\u00fcgbaren Formen, Farben und Gr\u00f6\u00dfen entnehmen Sie bitte den folgenden pdf-Dateien:<\/strong><\/p>\n\n\n\n\n\n<div class=\"wp-block-file\"><a id=\"wp-block-file--media-19f48ee8-216f-43b5-92f2-f571b2ef6e8d\" href=\"https:\/\/www.holstenschule.de\/info\/wp-content\/uploads\/2025\/01\/BCWU33B_inspire_hooded_sweat.pdf\" target=\"_blank\" rel=\"noreferrer noopener\"><strong>NEU: BCWU33B_inspire_hooded_sweat<\/strong><\/a><a href=\"https:\/\/www.holstenschule.de\/info\/wp-content\/uploads\/2025\/01\/BCWU33B_inspire_hooded_sweat.pdf\" class=\"wp-block-file__button wp-element-button\" download aria-describedby=\"wp-block-file--media-19f48ee8-216f-43b5-92f2-f571b2ef6e8d\">Herunterladen<\/a><\/div>\n\n\n\n<div class=\"wp-block-file\"><a id=\"wp-block-file--media-5105964c-f4ac-4bde-a146-1c050be45281\" href=\"https:\/\/www.holstenschule.de\/info\/wp-content\/uploads\/2025\/09\/T-Shirts_Kids_BCTK002.pdf\"><strong>NEU: BCTK002-kids-T-Shirt<\/strong><\/a><a href=\"https:\/\/www.holstenschule.de\/info\/wp-content\/uploads\/2025\/09\/T-Shirts_Kids_BCTK002.pdf\" class=\"wp-block-file__button wp-element-button\" download aria-describedby=\"wp-block-file--media-5105964c-f4ac-4bde-a146-1c050be45281\">Herunterladen<\/a><\/div>\n\n\n\n<div class=\"wp-block-file\"><a id=\"wp-block-file--media-19f48ee8-216f-43b5-92f2-f571b2ef6e8d\" href=\"https:\/\/www.holstenschule.de\/info\/wp-content\/uploads\/2025\/01\/BCWK681_kids_hooded_sweat.pdf\"><strong>NEU: BCWK681_kids_hooded_sweat<\/strong><\/a><a href=\"https:\/\/www.holstenschule.de\/info\/wp-content\/uploads\/2025\/01\/BCWK681_kids_hooded_sweat.pdf\" class=\"wp-block-file__button wp-element-button\" download aria-describedby=\"wp-block-file--media-19f48ee8-216f-43b5-92f2-f571b2ef6e8d\">Herunterladen<\/a><\/div>\n\n\n\n<div class=\"wp-block-file\"><a id=\"wp-block-file--media-19f48ee8-216f-43b5-92f2-f571b2ef6e8d\" href=\"https:\/\/www.holstenschule.de\/info\/wp-content\/uploads\/2025\/01\/BCTU03T_t-shirt.pdf\"><strong>NEU: BCTU03T_t-shirt<\/strong><\/a><a href=\"https:\/\/www.holstenschule.de\/info\/wp-content\/uploads\/2025\/01\/BCTU03T_t-shirt.pdf\" class=\"wp-block-file__button wp-element-button\" download aria-describedby=\"wp-block-file--media-19f48ee8-216f-43b5-92f2-f571b2ef6e8d\">Herunterladen<\/a><\/div>\n\n\n\n<div class=\"wp-block-file\"><a id=\"wp-block-file--media-a4782192-e091-49b0-a548-793b8a25c83e\" href=\"https:\/\/www.holstenschule.de\/info\/wp-content\/uploads\/2023\/08\/BCPU409-2023-polo.pdf\"><strong>BCPU409-Polo-2023-Farben<\/strong><\/a><a href=\"https:\/\/www.holstenschule.de\/info\/wp-content\/uploads\/2023\/08\/BCPU409-2023-polo.pdf\" class=\"wp-block-file__button wp-element-button\" download aria-describedby=\"wp-block-file--media-a4782192-e091-49b0-a548-793b8a25c83e\">Herunterladen<\/a><\/div>\n\n\n\n<figure class=\"wp-block-image size-full\"><img loading=\"lazy\" decoding=\"async\" width=\"392\" height=\"269\" src=\"https:\/\/www.holstenschule.de\/info\/wp-content\/uploads\/2025\/01\/logo-nordlicht-textildruck.png\" alt=\"\" class=\"wp-image-21944\"\/><\/figure>\n","protected":false},"excerpt":{"rendered":"<p>Es sind Shirts und Hoodies mit Logo 1 (zweifarbig mit Silhouette der Schule) und Logo 2 (einfarbig, rund) erh\u00e4ltlich: Die Bestellung ist unter Angabe des Typs, der Gr\u00f6\u00dfe, der Farbe und Logo 1 oder Logo 2 zu richten an &#8230; E-Mail: schulshirts(at)hs.schule.neumuenster.de Die verf\u00fcgbaren Formen, Farben und Gr\u00f6\u00dfen entnehmen Sie bitte den folgenden pdf-Dateien:<\/p>\n","protected":false},"author":36,"featured_media":0,"parent":0,"menu_order":0,"comment_status":"open","ping_status":"open","template":"page_service.php","meta":{"_uag_custom_page_level_css":"","advgb_blocks_editor_width":"","advgb_blocks_columns_visual_guide":"","footnotes":""},"class_list":["post-888","page","type-page","status-publish","hentry"],"uagb_featured_image_src":{"full":false,"thumbnail":false,"medium":false,"medium_large":false,"large":false,"1536x1536":false,"2048x2048":false},"uagb_author_info":{"display_name":"Andreas Kohn","author_link":"https:\/\/www.holstenschule.de\/info\/author\/kn75\/"},"uagb_comment_info":0,"uagb_excerpt":"Es sind Shirts und Hoodies mit Logo 1 (zweifarbig mit Silhouette der Schule) und Logo 2 (einfarbig, rund) erh\u00e4ltlich: Die Bestellung ist unter Angabe des Typs, der Gr\u00f6\u00dfe, der Farbe und Logo 1 oder Logo 2 zu richten an &#8230; E-Mail: schulshirts(at)hs.schule.neumuenster.de Die verf\u00fcgbaren Formen, Farben und Gr\u00f6\u00dfen entnehmen Sie bitte den folgenden pdf-Dateien:","coauthors":[],"author_meta":{"author_link":"https:\/\/www.holstenschule.de\/info\/author\/kn75\/","display_name":"Andreas Kohn"},"relative_dates":{"created":"Posted 12\u00a0Jahren ago","modified":"Updated 8\u00a0Monaten ago"},"absolute_dates":{"created":"Posted on 18. Dezember 2013","modified":"Updated on 7. September 2025"},"absolute_dates_time":{"created":"Posted on 18. Dezember 2013 20:55","modified":"Updated on 7. September 2025 14:37"},"featured_img_caption":"","featured_img":false,"series_order":"","_links":{"self":[{"href":"https:\/\/www.holstenschule.de\/info\/wp-json\/wp\/v2\/pages\/888","targetHints":{"allow":["GET"]}}],"collection":[{"href":"https:\/\/www.holstenschule.de\/info\/wp-json\/wp\/v2\/pages"}],"about":[{"href":"https:\/\/www.holstenschule.de\/info\/wp-json\/wp\/v2\/types\/page"}],"author":[{"embeddable":true,"href":"https:\/\/www.holstenschule.de\/info\/wp-json\/wp\/v2\/users\/36"}],"replies":[{"embeddable":true,"href":"https:\/\/www.holstenschule.de\/info\/wp-json\/wp\/v2\/comments?post=888"}],"version-history":[{"count":31,"href":"https:\/\/www.holstenschule.de\/info\/wp-json\/wp\/v2\/pages\/888\/revisions"}],"predecessor-version":[{"id":22990,"href":"https:\/\/www.holstenschule.de\/info\/wp-json\/wp\/v2\/pages\/888\/revisions\/22990"}],"wp:attachment":[{"href":"https:\/\/www.holstenschule.de\/info\/wp-json\/wp\/v2\/media?parent=888"}],"curies":[{"name":"wp","href":"https:\/\/api.w.org\/{rel}","templated":true}]}}