{"id":16518,"date":"2020-03-16T20:31:04","date_gmt":"2020-03-16T19:31:04","guid":{"rendered":"https:\/\/www.holstenschule.de\/info\/?page_id=16518"},"modified":"2022-08-23T22:24:39","modified_gmt":"2022-08-23T20:24:39","slug":"einstieg-in-moodle","status":"publish","type":"page","link":"https:\/\/www.holstenschule.de\/info\/einstieg-in-moodle\/","title":{"rendered":"Einstieg in Moodle &#8211; Videotutorials"},"content":{"rendered":"\n<div style=\"height:20px\" aria-hidden=\"true\" class=\"wp-block-spacer\"><\/div>\n\n\n\n\n\n<p>Dieses Tutorial zeigt die Registrierung und erstmalige Anmeldung in Moodle:<\/p>\n\n\n\n<figure class=\"wp-block-video\"><video controls src=\"https:\/\/www.holstenschule.de\/info\/wp-content\/uploads\/2020\/03\/benutzer_registrieren.mp4\"><\/video><\/figure>\n\n\n\n<div style=\"height:20px\" aria-hidden=\"true\" class=\"wp-block-spacer\"><\/div>\n\n\n\n\n\n<p>Das folgende Tutorial zeigt die Anmeldung f\u00fcr bereits registrierte Sch\u00fclerinnen und Sch\u00fcler:<\/p>\n\n\n\n<figure class=\"wp-block-video\"><video controls src=\"https:\/\/www.holstenschule.de\/info\/wp-content\/uploads\/2020\/03\/benutzer_-anmelden.mp4\"><\/video><\/figure>\n\n\n\n<div style=\"height:20px\" aria-hidden=\"true\" class=\"wp-block-spacer\"><\/div>\n\n\n\n\n\n<p>Dieses Tutorial zeigt den Upload von bearbeiteten Aufgaben und ist f\u00fcr alle Sch\u00fclerinnen und Sch\u00fcler gedacht, die Aufgaben bearbeitet haben und diese an die Lehrkr\u00e4fte zur\u00fccksenden wollen:<\/p>\n\n\n\n<figure class=\"wp-block-video\"><video controls src=\"https:\/\/www.holstenschule.de\/info\/wp-content\/uploads\/2020\/03\/aufgabenupload.mp4\"><\/video><\/figure>\n\n\n\n\n\n<p>Dieses Tutorial zeigt, wie man einen besseren \u00dcberblick \u00fcber bereits bearbeitete Aufgaben erh\u00e4lt:<\/p>\n\n\n\n<figure class=\"wp-block-video\"><video controls src=\"https:\/\/www.holstenschule.de\/info\/wp-content\/uploads\/2020\/06\/fortschritt.mp4\"><\/video><\/figure>\n\n\n","protected":false},"excerpt":{"rendered":"<p>Dieses Tutorial zeigt die Registrierung und erstmalige Anmeldung in Moodle: Das folgende Tutorial zeigt die Anmeldung f\u00fcr bereits registrierte Sch\u00fclerinnen und Sch\u00fcler: Dieses Tutorial zeigt den Upload von bearbeiteten Aufgaben und ist f\u00fcr alle Sch\u00fclerinnen und Sch\u00fcler gedacht, die Aufgaben bearbeitet haben und diese an die Lehrkr\u00e4fte zur\u00fccksenden wollen: Dieses Tutorial zeigt, wie man einen [&hellip;]<\/p>\n","protected":false},"author":2,"featured_media":0,"parent":0,"menu_order":0,"comment_status":"closed","ping_status":"closed","template":"page_schueler.php","meta":{"_uag_custom_page_level_css":"","advgb_blocks_editor_width":"","advgb_blocks_columns_visual_guide":"","footnotes":""},"class_list":["post-16518","page","type-page","status-publish","hentry"],"uagb_featured_image_src":{"full":false,"thumbnail":false,"medium":false,"medium_large":false,"large":false,"1536x1536":false,"2048x2048":false},"uagb_author_info":{"display_name":"Tom Ri","author_link":"https:\/\/www.holstenschule.de\/info\/author\/verwalt_ri\/"},"uagb_comment_info":0,"uagb_excerpt":"Dieses Tutorial zeigt die Registrierung und erstmalige Anmeldung in Moodle: Das folgende Tutorial zeigt die Anmeldung f\u00fcr bereits registrierte Sch\u00fclerinnen und Sch\u00fcler: Dieses Tutorial zeigt den Upload von bearbeiteten Aufgaben und ist f\u00fcr alle Sch\u00fclerinnen und Sch\u00fcler gedacht, die Aufgaben bearbeitet haben und diese an die Lehrkr\u00e4fte zur\u00fccksenden wollen: Dieses Tutorial zeigt, wie man einen&hellip;","coauthors":[],"author_meta":{"author_link":"https:\/\/www.holstenschule.de\/info\/author\/verwalt_ri\/","display_name":"Tom Ri"},"relative_dates":{"created":"Posted 6\u00a0Jahren ago","modified":"Updated 4\u00a0Jahren ago"},"absolute_dates":{"created":"Posted on 16. M\u00e4rz 2020","modified":"Updated on 23. August 2022"},"absolute_dates_time":{"created":"Posted on 16. M\u00e4rz 2020 20:31","modified":"Updated on 23. August 2022 22:24"},"featured_img_caption":"","featured_img":false,"series_order":"","_links":{"self":[{"href":"https:\/\/www.holstenschule.de\/info\/wp-json\/wp\/v2\/pages\/16518","targetHints":{"allow":["GET"]}}],"collection":[{"href":"https:\/\/www.holstenschule.de\/info\/wp-json\/wp\/v2\/pages"}],"about":[{"href":"https:\/\/www.holstenschule.de\/info\/wp-json\/wp\/v2\/types\/page"}],"author":[{"embeddable":true,"href":"https:\/\/www.holstenschule.de\/info\/wp-json\/wp\/v2\/users\/2"}],"replies":[{"embeddable":true,"href":"https:\/\/www.holstenschule.de\/info\/wp-json\/wp\/v2\/comments?post=16518"}],"version-history":[{"count":2,"href":"https:\/\/www.holstenschule.de\/info\/wp-json\/wp\/v2\/pages\/16518\/revisions"}],"predecessor-version":[{"id":19338,"href":"https:\/\/www.holstenschule.de\/info\/wp-json\/wp\/v2\/pages\/16518\/revisions\/19338"}],"wp:attachment":[{"href":"https:\/\/www.holstenschule.de\/info\/wp-json\/wp\/v2\/media?parent=16518"}],"curies":[{"name":"wp","href":"https:\/\/api.w.org\/{rel}","templated":true}]}}