{"id":14732,"date":"2019-11-03T17:30:41","date_gmt":"2019-11-03T16:30:41","guid":{"rendered":"http:\/\/localhost:8080\/wordpr\/?page_id=14732"},"modified":"2021-09-04T10:13:33","modified_gmt":"2021-09-04T08:13:33","slug":"konfliktlotsen-1","status":"publish","type":"page","link":"https:\/\/www.holstenschule.de\/info\/konfliktlotsen-1\/","title":{"rendered":"Konfliktlotsen"},"content":{"rendered":"\n<figure class=\"wp-block-image size-large\"><img loading=\"lazy\" decoding=\"async\" width=\"896\" height=\"672\" src=\"https:\/\/www.holstenschule.de\/info\/wp-content\/uploads\/2021\/09\/Konfliktlotsen-Homepage-896x672.jpg\" alt=\"\" class=\"wp-image-18267\" srcset=\"https:\/\/www.holstenschule.de\/info\/wp-content\/uploads\/2021\/09\/Konfliktlotsen-Homepage-896x672.jpg 896w, https:\/\/www.holstenschule.de\/info\/wp-content\/uploads\/2021\/09\/Konfliktlotsen-Homepage-400x300.jpg 400w, https:\/\/www.holstenschule.de\/info\/wp-content\/uploads\/2021\/09\/Konfliktlotsen-Homepage-768x576.jpg 768w, https:\/\/www.holstenschule.de\/info\/wp-content\/uploads\/2021\/09\/Konfliktlotsen-Homepage-1536x1152.jpg 1536w, https:\/\/www.holstenschule.de\/info\/wp-content\/uploads\/2021\/09\/Konfliktlotsen-Homepage-2048x1536.jpg 2048w\" sizes=\"auto, (max-width: 896px) 100vw, 896px\" \/><\/figure>\n\n\n\n<p>Konflikte\nsind normal. Manchmal braucht man Hilfe, um sie zu kl\u00e4ren.<\/p>\n\n\n\n<p>Daher gibt es seit Mai 2014 an der Holstenschule ein Konfliktlotsen-Programm.  Zweck der sogenannten Peer-Group-Mediation ist es, Sch\u00fcler*innen ihre Probleme selbst\u00e4ndig untereinander regeln zu lassen, was die Eigenverantwortung, die Kommunikationsf\u00e4higkeit und damit die Nachhaltigkeit der Probleml\u00f6sung f\u00f6rdert, weil die Kontrahent*innen eine tragf\u00e4hige, von beiden Seiten als gerecht empfundene L\u00f6sung erarbeitet haben. Unterst\u00fctzt werden sie dabei von engagierten Sch\u00fcler*innen, die daf\u00fcr eine praxisnahe Ausbildung absolviert haben. Im Rahmen des Programms sind bereits eine Reihe von Konflikten erfolgreich geschlichtet worden.   <\/p>\n\n\n\n<figure class=\"wp-block-gallery columns-1 wp-block-gallery-1\"><ul class=\"blocks-gallery-grid\"><li class=\"blocks-gallery-item\"><figure><img decoding=\"async\" src=\"http:\/\/new2019.holstenschule.de\/wordpress\/wp-content\/uploads\/2019\/11\/Konfliktschlichter.jpg\" alt=\"\" data-id=\"14687\" data-full-url=\"http:\/\/new2019.holstenschule.de\/wordpress\/wp-content\/uploads\/2019\/11\/Konfliktschlichter.jpg\" data-link=\"http:\/\/new2019.holstenschule.de\/wordpress\/konfliktschlichter\/\" class=\"wp-image-14687 is-layout-flex wp-block-gallery-is-layout-flex\"\/><\/figure><\/li><\/ul><\/figure>\n\n\n\n<p>Die Verantwortung f\u00fcr die Kl\u00e4rung bleibt aber immer ganz eindeutig bei den Lehrkr\u00e4ften. Das gilt insbesondere, wenn es es sich um schwerwiegende F\u00e4lle oder gar Mobbing handelt, das von den Konfliktlots*innen ausdr\u00fccklich nicht bearbeitet wird. Sollten solche F\u00e4lle im Rahmen eines Schlichtungsversuchs offenkundig werden, werden die Sch\u00fcler*innen an die Lehrkr\u00e4fte zur\u00fcck\u00fcberwiesen, die sich der Angelegenheit dann mit anderen Mitteln annehmen. Oft f\u00e4llt es den betroffenen Sch\u00fcler*innen aber erheblich leichter, sich in dieser belastenden Situation zun\u00e4chst einmal Jugendlichen anzuvertrauen, die die Sache aufnehmen und weiterleiten. So k\u00f6nnen die Konfliktlots*innen auch eine wichtige Rolle in der Mobbingpr\u00e4vention einnehmen.<\/p>\n\n\n\n<p>Damit\nverf\u00fcgt die Holstenschule \u00fcber ein weiteres Element im Rahmen der\nPr\u00e4vention, das die ohnehin schon gute Schulatmosph\u00e4re, die allen\nam Schulleben Beteiligten sehr wichtig ist, weiter stabilisiert.<\/p>\n\n\n\n<p>Derzeit arbeiten wir am Aufbau eines Junior-Konfliktschlichterprogramms, bei dem j\u00fcngere Sch\u00fcler*innen langsam an die Arbeit als Konfliktschlichter*in herangef\u00fchrt werden und schon kleinere Aufgaben in dieser Richtung im Klassenrahmen \u00fcbernehmen.<\/p>\n\n\n\n<p>Im September 2021 haben 12 nominierte Sch\u00fcler*innen des E-Jahrgangs, die Interesse daran haben, das gute Miteinander zu festigen, an der Ausbildung in der Jugendakademie Bad Segeberg teilgenommen. Wir freuen uns, dass der Verein der Freunde, der Kulturfonds und die Sparkassen Stiftung die Ausbildung finanziert haben. <\/p>\n\n\n\n<p>F\u00fcr weitere Fragen steht Frau Sa\u00df zur Verf\u00fcgung.<\/p>\n","protected":false},"excerpt":{"rendered":"<p>Konflikte sind normal. Manchmal braucht man Hilfe, um sie zu kl\u00e4ren. Daher gibt es seit Mai 2014 an der Holstenschule ein Konfliktlotsen-Programm. Zweck der sogenannten Peer-Group-Mediation ist es, Sch\u00fcler*innen ihre Probleme selbst\u00e4ndig untereinander regeln zu lassen, was die Eigenverantwortung, die Kommunikationsf\u00e4higkeit und damit die Nachhaltigkeit der Probleml\u00f6sung f\u00f6rdert, weil die Kontrahent*innen eine tragf\u00e4hige, von beiden [&hellip;]<\/p>\n","protected":false},"author":1,"featured_media":0,"parent":0,"menu_order":0,"comment_status":"closed","ping_status":"closed","template":"page_eltern.php","meta":{"_uag_custom_page_level_css":"","advgb_blocks_editor_width":"","advgb_blocks_columns_visual_guide":"","footnotes":""},"class_list":["post-14732","page","type-page","status-publish","hentry"],"uagb_featured_image_src":{"full":false,"thumbnail":false,"medium":false,"medium_large":false,"large":false,"1536x1536":false,"2048x2048":false},"uagb_author_info":{"display_name":"","author_link":"https:\/\/www.holstenschule.de\/info\/author\/"},"uagb_comment_info":0,"uagb_excerpt":"Konflikte sind normal. Manchmal braucht man Hilfe, um sie zu kl\u00e4ren. Daher gibt es seit Mai 2014 an der Holstenschule ein Konfliktlotsen-Programm. Zweck der sogenannten Peer-Group-Mediation ist es, Sch\u00fcler*innen ihre Probleme selbst\u00e4ndig untereinander regeln zu lassen, was die Eigenverantwortung, die Kommunikationsf\u00e4higkeit und damit die Nachhaltigkeit der Probleml\u00f6sung f\u00f6rdert, weil die Kontrahent*innen eine tragf\u00e4hige, von beiden&hellip;","coauthors":[],"author_meta":{"author_link":"https:\/\/www.holstenschule.de\/info\/author\/","display_name":""},"relative_dates":{"created":"Posted 6\u00a0Jahren ago","modified":"Updated 5\u00a0Jahren ago"},"absolute_dates":{"created":"Posted on 3. November 2019","modified":"Updated on 4. September 2021"},"absolute_dates_time":{"created":"Posted on 3. November 2019 17:30","modified":"Updated on 4. September 2021 10:13"},"featured_img_caption":"","featured_img":false,"series_order":"","_links":{"self":[{"href":"https:\/\/www.holstenschule.de\/info\/wp-json\/wp\/v2\/pages\/14732","targetHints":{"allow":["GET"]}}],"collection":[{"href":"https:\/\/www.holstenschule.de\/info\/wp-json\/wp\/v2\/pages"}],"about":[{"href":"https:\/\/www.holstenschule.de\/info\/wp-json\/wp\/v2\/types\/page"}],"author":[{"embeddable":true,"href":"https:\/\/www.holstenschule.de\/info\/wp-json\/wp\/v2\/users\/1"}],"replies":[{"embeddable":true,"href":"https:\/\/www.holstenschule.de\/info\/wp-json\/wp\/v2\/comments?post=14732"}],"version-history":[{"count":1,"href":"https:\/\/www.holstenschule.de\/info\/wp-json\/wp\/v2\/pages\/14732\/revisions"}],"predecessor-version":[{"id":18269,"href":"https:\/\/www.holstenschule.de\/info\/wp-json\/wp\/v2\/pages\/14732\/revisions\/18269"}],"wp:attachment":[{"href":"https:\/\/www.holstenschule.de\/info\/wp-json\/wp\/v2\/media?parent=14732"}],"curies":[{"name":"wp","href":"https:\/\/api.w.org\/{rel}","templated":true}]}}