{"id":14715,"date":"2019-11-03T17:14:16","date_gmt":"2019-11-03T16:14:16","guid":{"rendered":"http:\/\/localhost:8080\/wordpr\/?page_id=14715"},"modified":"2025-11-20T22:44:40","modified_gmt":"2025-11-20T21:44:40","slug":"schulsozialarbeit3","status":"publish","type":"page","link":"https:\/\/www.holstenschule.de\/info\/schulsozialarbeit3\/","title":{"rendered":"Schulsozialarbeit"},"content":{"rendered":"\n<p>Hallo, Moin und Guten Tag!<br \/>Mein Name ist Svenja Wiorek und ich bin die Schulsozialarbeiterin der Holstenschule Neum\u00fcnster.<br \/>Als Schulsozialarbeiterin begleite ich die Schule, Sch\u00fclerinnen und Sch\u00fcler, Eltern und Lehrkr\u00e4fte in ihrem Schulalltag, um dabei zu helfen, das Schulleben noch etwas besser zu machen.<\/p>\n\n\n\n<p>Als Schulsozialarbeiterin berate, unterst\u00fctze, und vermittle ich bei:<br \/>&#8211; Schwierigkeiten in der Schule<br \/>&#8211; Konflikten mit Mitsch\u00fcler*innen oder Lehrkr\u00e4ften<br \/>&#8211; Problemen im famili\u00e4ren oder sozialen Umfeld<br \/>&#8211; Sucht und psychischen Erkrankungen<br \/>&#8211; Mobbing<br \/> und vielen weiteren Themen.<\/p>\n\n\n\n<figure class=\"wp-block-image size-large\"><img loading=\"lazy\" decoding=\"async\" width=\"896\" height=\"504\" src=\"https:\/\/www.holstenschule.de\/info\/wp-content\/uploads\/2025\/11\/DSC00094-896x504.jpg\" alt=\"\" class=\"wp-image-23090\" srcset=\"https:\/\/www.holstenschule.de\/info\/wp-content\/uploads\/2025\/11\/DSC00094-896x504.jpg 896w, https:\/\/www.holstenschule.de\/info\/wp-content\/uploads\/2025\/11\/DSC00094-400x225.jpg 400w, https:\/\/www.holstenschule.de\/info\/wp-content\/uploads\/2025\/11\/DSC00094-768x432.jpg 768w, https:\/\/www.holstenschule.de\/info\/wp-content\/uploads\/2025\/11\/DSC00094-1536x864.jpg 1536w, https:\/\/www.holstenschule.de\/info\/wp-content\/uploads\/2025\/11\/DSC00094.jpg 2048w\" sizes=\"auto, (max-width: 896px) 100vw, 896px\" \/><\/figure>\n\n\n\n<p>Die Grundprinzipien meiner Arbeit beruhen vor allen Dingen auf Vertraulichkeit, <strong>Wertsch\u00e4tzung<\/strong> und <strong>Vorurteilsfreiheit<\/strong>.<br \/>Mein Ziel ist eine <strong>ressourcen- und l\u00f6sungsorientierte Zusammenarbeit<\/strong> mit allen Beteiligten.<\/p>\n\n\n\n<p>Meine Arbeitszeiten sind t\u00e4glich von 8:30 Uhr bis 14 Uhr.<br \/>Nehmen Sie gerne Kontakt auf und wir vereinbaren einen Termin.<\/p>\n\n\n\n<p><strong>E-Mail: <\/strong>svenja.wiorek(at)neumuenster.de<br \/><strong>Telefon: <\/strong>04321 942 4169<br \/><strong>Mobil: <\/strong>0162 2038260<\/p>\n","protected":false},"excerpt":{"rendered":"<p>Hallo, Moin und Guten Tag!Mein Name ist Svenja Wiorek und ich bin die Schulsozialarbeiterin der Holstenschule Neum\u00fcnster.Als Schulsozialarbeiterin begleite ich die Schule, Sch\u00fclerinnen und Sch\u00fcler, Eltern und Lehrkr\u00e4fte in ihrem Schulalltag, um dabei zu helfen, das Schulleben noch etwas besser zu machen. Als Schulsozialarbeiterin berate, unterst\u00fctze, und vermittle ich bei:&#8211; Schwierigkeiten in der Schule&#8211; Konflikten [&hellip;]<\/p>\n","protected":false},"author":1,"featured_media":0,"parent":0,"menu_order":0,"comment_status":"closed","ping_status":"closed","template":"page_eltern.php","meta":{"_uag_custom_page_level_css":"","advgb_blocks_editor_width":"","advgb_blocks_columns_visual_guide":"","footnotes":""},"class_list":["post-14715","page","type-page","status-publish","hentry"],"uagb_featured_image_src":{"full":false,"thumbnail":false,"medium":false,"medium_large":false,"large":false,"1536x1536":false,"2048x2048":false},"uagb_author_info":{"display_name":"","author_link":"https:\/\/www.holstenschule.de\/info\/author\/"},"uagb_comment_info":0,"uagb_excerpt":"Hallo, Moin und Guten Tag!Mein Name ist Svenja Wiorek und ich bin die Schulsozialarbeiterin der Holstenschule Neum\u00fcnster.Als Schulsozialarbeiterin begleite ich die Schule, Sch\u00fclerinnen und Sch\u00fcler, Eltern und Lehrkr\u00e4fte in ihrem Schulalltag, um dabei zu helfen, das Schulleben noch etwas besser zu machen. Als Schulsozialarbeiterin berate, unterst\u00fctze, und vermittle ich bei:&#8211; Schwierigkeiten in der Schule&#8211; Konflikten&hellip;","coauthors":[],"author_meta":{"author_link":"https:\/\/www.holstenschule.de\/info\/author\/","display_name":""},"relative_dates":{"created":"Posted 6\u00a0Jahren ago","modified":"Updated 5\u00a0Monaten ago"},"absolute_dates":{"created":"Posted on 3. November 2019","modified":"Updated on 20. November 2025"},"absolute_dates_time":{"created":"Posted on 3. November 2019 17:14","modified":"Updated on 20. November 2025 22:44"},"featured_img_caption":"","featured_img":false,"series_order":"","_links":{"self":[{"href":"https:\/\/www.holstenschule.de\/info\/wp-json\/wp\/v2\/pages\/14715","targetHints":{"allow":["GET"]}}],"collection":[{"href":"https:\/\/www.holstenschule.de\/info\/wp-json\/wp\/v2\/pages"}],"about":[{"href":"https:\/\/www.holstenschule.de\/info\/wp-json\/wp\/v2\/types\/page"}],"author":[{"embeddable":true,"href":"https:\/\/www.holstenschule.de\/info\/wp-json\/wp\/v2\/users\/1"}],"replies":[{"embeddable":true,"href":"https:\/\/www.holstenschule.de\/info\/wp-json\/wp\/v2\/comments?post=14715"}],"version-history":[{"count":16,"href":"https:\/\/www.holstenschule.de\/info\/wp-json\/wp\/v2\/pages\/14715\/revisions"}],"predecessor-version":[{"id":23094,"href":"https:\/\/www.holstenschule.de\/info\/wp-json\/wp\/v2\/pages\/14715\/revisions\/23094"}],"wp:attachment":[{"href":"https:\/\/www.holstenschule.de\/info\/wp-json\/wp\/v2\/media?parent=14715"}],"curies":[{"name":"wp","href":"https:\/\/api.w.org\/{rel}","templated":true}]}}