{"id":14690,"date":"2019-11-03T16:41:49","date_gmt":"2019-11-03T15:41:49","guid":{"rendered":"http:\/\/localhost:8080\/wordpr\/?page_id=14690"},"modified":"2026-02-10T19:23:39","modified_gmt":"2026-02-10T18:23:39","slug":"schulelternbeirat2","status":"publish","type":"page","link":"https:\/\/www.holstenschule.de\/info\/schulelternbeirat2\/","title":{"rendered":"Schulelternbeirat"},"content":{"rendered":"\n<p>Herzlich willkommen in der Elternschaft der Holstenschule.<\/p>\n\n\n\n\n\n<figure class=\"wp-block-gallery has-nested-images columns-default wp-block-gallery-1 is-layout-flex wp-block-gallery-is-layout-flex\">\n<figure class=\"wp-block-image size-large\"><img loading=\"lazy\" decoding=\"async\" width=\"896\" height=\"474\" data-id=\"19562\" src=\"https:\/\/www.holstenschule.de\/info\/wp-content\/uploads\/2022\/09\/IMG_1958-896x474.jpeg\" alt=\"\" class=\"wp-image-19562\" srcset=\"https:\/\/www.holstenschule.de\/info\/wp-content\/uploads\/2022\/09\/IMG_1958-896x474.jpeg 896w, https:\/\/www.holstenschule.de\/info\/wp-content\/uploads\/2022\/09\/IMG_1958-400x212.jpeg 400w, https:\/\/www.holstenschule.de\/info\/wp-content\/uploads\/2022\/09\/IMG_1958-768x406.jpeg 768w, https:\/\/www.holstenschule.de\/info\/wp-content\/uploads\/2022\/09\/IMG_1958-1536x813.jpeg 1536w, https:\/\/www.holstenschule.de\/info\/wp-content\/uploads\/2022\/09\/IMG_1958-2048x1084.jpeg 2048w\" sizes=\"auto, (max-width: 896px) 100vw, 896px\" \/><figcaption class=\"wp-element-caption\">Damen und Herren des SEB (September 2022)<\/figcaption><\/figure>\n<\/figure>\n\n\n\n\n\n<h2 class=\"wp-block-heading has-text-align-left\">Der Vorstand des SEB<\/h2>\n\n\n\n<figure class=\"wp-block-gallery has-nested-images columns-default is-cropped wp-block-gallery-2 is-layout-flex wp-block-gallery-is-layout-flex\">\n<figure class=\"wp-block-image size-large\"><img loading=\"lazy\" decoding=\"async\" width=\"896\" height=\"640\" data-id=\"23468\" src=\"https:\/\/www.holstenschule.de\/info\/wp-content\/uploads\/2026\/02\/seb_2026-896x640.jpeg\" alt=\"\" class=\"wp-image-23468\" srcset=\"https:\/\/www.holstenschule.de\/info\/wp-content\/uploads\/2026\/02\/seb_2026-896x640.jpeg 896w, https:\/\/www.holstenschule.de\/info\/wp-content\/uploads\/2026\/02\/seb_2026-400x286.jpeg 400w, https:\/\/www.holstenschule.de\/info\/wp-content\/uploads\/2026\/02\/seb_2026-768x549.jpeg 768w, https:\/\/www.holstenschule.de\/info\/wp-content\/uploads\/2026\/02\/seb_2026-1536x1097.jpeg 1536w, https:\/\/www.holstenschule.de\/info\/wp-content\/uploads\/2026\/02\/seb_2026.jpeg 1600w\" sizes=\"auto, (max-width: 896px) 100vw, 896px\" \/><\/figure>\n<\/figure>\n\n\n\n<p>von links nach rechts: Trixi Trapp, Rabea L\u00f6\u00f6ck, Monika Maisel, Stefanie Goldboom.<\/p>\n\n\n\n<p><strong>Kontakt:<\/strong><br \/>Trixi Trapp<br \/><strong>trixitrapp(at)yahoo.de<\/strong><\/p>\n\n\n\n<p>Rabea L\u00f6\u00f6ck<br \/><strong>rabeaengel(at)freenet.de<\/strong><\/p>\n\n\n\n<p>Monika Maisel, 1. Vorsitzende<br \/><strong>moni.-m(at)web.de <\/strong>&nbsp;<br \/>Telefon: 04321\/4036861<\/p>\n\n\n\n<p>Stefanie Goldboom , 2. Vorsitzende<br \/><strong>stefanie.goldboom(at)gmail.com<\/strong><\/p>\n\n\n\n<p><\/p>\n\n\n\n<p>Wir freuen uns auf eine gute Zusammenarbeit mit neuen Anregungen und belebenden Ideen!<\/p>\n\n\n\n<div style=\"height:20px\" aria-hidden=\"true\" class=\"wp-block-spacer\"><\/div>\n\n\n","protected":false},"excerpt":{"rendered":"<p>Herzlich willkommen in der Elternschaft der Holstenschule. Der Vorstand des SEB von links nach rechts: Trixi Trapp, Rabea L\u00f6\u00f6ck, Monika Maisel, Stefanie Goldboom. Kontakt:Trixi Trapptrixitrapp(at)yahoo.de Rabea L\u00f6\u00f6ckrabeaengel(at)freenet.de Monika Maisel, 1. Vorsitzendemoni.-m(at)web.de &nbsp;Telefon: 04321\/4036861 Stefanie Goldboom , 2. Vorsitzendestefanie.goldboom(at)gmail.com Wir freuen uns auf eine gute Zusammenarbeit mit neuen Anregungen und belebenden Ideen!<\/p>\n","protected":false},"author":1,"featured_media":0,"parent":0,"menu_order":0,"comment_status":"closed","ping_status":"closed","template":"page_eltern.php","meta":{"_uag_custom_page_level_css":"","advgb_blocks_editor_width":"","advgb_blocks_columns_visual_guide":"","footnotes":""},"class_list":["post-14690","page","type-page","status-publish","hentry"],"uagb_featured_image_src":{"full":false,"thumbnail":false,"medium":false,"medium_large":false,"large":false,"1536x1536":false,"2048x2048":false},"uagb_author_info":{"display_name":"","author_link":"https:\/\/www.holstenschule.de\/info\/author\/"},"uagb_comment_info":0,"uagb_excerpt":"Herzlich willkommen in der Elternschaft der Holstenschule. Der Vorstand des SEB von links nach rechts: Trixi Trapp, Rabea L\u00f6\u00f6ck, Monika Maisel, Stefanie Goldboom. Kontakt:Trixi Trapptrixitrapp(at)yahoo.de Rabea L\u00f6\u00f6ckrabeaengel(at)freenet.de Monika Maisel, 1. Vorsitzendemoni.-m(at)web.de &nbsp;Telefon: 04321\/4036861 Stefanie Goldboom , 2. Vorsitzendestefanie.goldboom(at)gmail.com Wir freuen uns auf eine gute Zusammenarbeit mit neuen Anregungen und belebenden Ideen!","coauthors":[],"author_meta":{"author_link":"https:\/\/www.holstenschule.de\/info\/author\/","display_name":""},"relative_dates":{"created":"Posted 6\u00a0Jahren ago","modified":"Updated 2\u00a0Monaten ago"},"absolute_dates":{"created":"Posted on 3. November 2019","modified":"Updated on 10. Februar 2026"},"absolute_dates_time":{"created":"Posted on 3. November 2019 16:41","modified":"Updated on 10. Februar 2026 19:23"},"featured_img_caption":"","featured_img":false,"series_order":"","_links":{"self":[{"href":"https:\/\/www.holstenschule.de\/info\/wp-json\/wp\/v2\/pages\/14690","targetHints":{"allow":["GET"]}}],"collection":[{"href":"https:\/\/www.holstenschule.de\/info\/wp-json\/wp\/v2\/pages"}],"about":[{"href":"https:\/\/www.holstenschule.de\/info\/wp-json\/wp\/v2\/types\/page"}],"author":[{"embeddable":true,"href":"https:\/\/www.holstenschule.de\/info\/wp-json\/wp\/v2\/users\/1"}],"replies":[{"embeddable":true,"href":"https:\/\/www.holstenschule.de\/info\/wp-json\/wp\/v2\/comments?post=14690"}],"version-history":[{"count":7,"href":"https:\/\/www.holstenschule.de\/info\/wp-json\/wp\/v2\/pages\/14690\/revisions"}],"predecessor-version":[{"id":23480,"href":"https:\/\/www.holstenschule.de\/info\/wp-json\/wp\/v2\/pages\/14690\/revisions\/23480"}],"wp:attachment":[{"href":"https:\/\/www.holstenschule.de\/info\/wp-json\/wp\/v2\/media?parent=14690"}],"curies":[{"name":"wp","href":"https:\/\/api.w.org\/{rel}","templated":true}]}}