{"id":14563,"date":"2019-10-31T11:46:17","date_gmt":"2019-10-31T10:46:17","guid":{"rendered":"http:\/\/localhost:8080\/wordpr\/?page_id=14563"},"modified":"2022-01-01T15:51:33","modified_gmt":"2022-01-01T14:51:33","slug":"begabtenfoerderung2","status":"publish","type":"page","link":"https:\/\/www.holstenschule.de\/info\/begabtenfoerderung2\/","title":{"rendered":"Begabtenf\u00f6rderung"},"content":{"rendered":"\n<p>F\u00fcr besonders begabte und interessierte Sch\u00fcler*innen gibt es an der Holstenschule einige Angebote, mit denen ihnen auch durch au\u00dferunterrichtliche Impulse weitere Entwicklungsm\u00f6glichkeiten gegeben werden sollen. Die \u201etraditionellen\u201c, d.h. schon langj\u00e4hrig erprobten Angebote sind das Enrichment \u2013 Programm und die Sch\u00fcler- bzw. Juniorakademie.<\/p>\n\n\n\n<figure class=\"wp-block-gallery columns-2 wp-block-gallery-1\"><ul class=\"blocks-gallery-grid\"><li class=\"blocks-gallery-item\"><figure><img loading=\"lazy\" decoding=\"async\" width=\"896\" height=\"672\" src=\"https:\/\/www.holstenschule.de\/info\/wp-content\/uploads\/2019\/11\/begabtenfoerderung-896x672.jpg\" alt=\"\" data-id=\"15813\" data-full-url=\"https:\/\/www.holstenschule.de\/info\/wp-content\/uploads\/2019\/11\/begabtenfoerderung.jpg\" data-link=\"https:\/\/www.holstenschule.de\/info\/begabtenfoerderung-2\/\" class=\"wp-image-15813\" srcset=\"https:\/\/www.holstenschule.de\/info\/wp-content\/uploads\/2019\/11\/begabtenfoerderung-896x672.jpg 896w, https:\/\/www.holstenschule.de\/info\/wp-content\/uploads\/2019\/11\/begabtenfoerderung-400x300.jpg 400w, https:\/\/www.holstenschule.de\/info\/wp-content\/uploads\/2019\/11\/begabtenfoerderung-768x576.jpg 768w, https:\/\/www.holstenschule.de\/info\/wp-content\/uploads\/2019\/11\/begabtenfoerderung.jpg 900w\" sizes=\"auto, (max-width: 896px) 100vw, 896px\" \/><figcaption class=\"blocks-gallery-item__caption is-layout-flex wp-block-gallery-is-layout-flex\">Kleine Forscherinnen im Multimar Wattforum<\/figcaption><\/figure><\/li><li class=\"blocks-gallery-item\"><figure><img loading=\"lazy\" decoding=\"async\" width=\"896\" height=\"597\" src=\"https:\/\/www.holstenschule.de\/info\/wp-content\/uploads\/2019\/11\/langenachtdermathematik1-1-896x597.jpg\" alt=\"\" data-id=\"15756\" data-full-url=\"https:\/\/www.holstenschule.de\/info\/wp-content\/uploads\/2019\/11\/langenachtdermathematik1-1.jpg\" data-link=\"https:\/\/www.holstenschule.de\/info\/langenachtdermathematik1-2\/\" class=\"wp-image-15756\" srcset=\"https:\/\/www.holstenschule.de\/info\/wp-content\/uploads\/2019\/11\/langenachtdermathematik1-1-896x597.jpg 896w, https:\/\/www.holstenschule.de\/info\/wp-content\/uploads\/2019\/11\/langenachtdermathematik1-1-400x267.jpg 400w, https:\/\/www.holstenschule.de\/info\/wp-content\/uploads\/2019\/11\/langenachtdermathematik1-1-768x512.jpg 768w, https:\/\/www.holstenschule.de\/info\/wp-content\/uploads\/2019\/11\/langenachtdermathematik1-1.jpg 900w\" sizes=\"auto, (max-width: 896px) 100vw, 896px\" \/><figcaption class=\"blocks-gallery-item__caption\">Lange Nacht der Mathematik<\/figcaption><\/figure><\/li><\/ul><\/figure>\n\n\n\n<p>Das Enrichment \u2013 Programm soll laut Homepage \u201e<em>besonders begabten und interessierten Sch\u00fclerinnen und Sch\u00fclern (\u2026) die Chance (bieten), sich geistig und intellektuell zu bereichern, ihren Wissensschatz und ihre Kompetenzen zu erweitern, ihren schulischen Alltag mit besonderen Themen zu verzieren.<\/em>\u201c An jeder Schule, die beteiligt ist, k\u00f6nnen ca. 10% der Sch\u00fcler*innen f\u00fcr das Programm vorgeschlagen werden. Die Auswahl trifft die Klassenkonferenz einmal im Jahr. Auch Sp\u00e4tentwickler*innen haben so noch eine Chance aufgenommen zu werden. Vorgeschlagen werden u.a. Sch\u00fcler*innen, die<\/p>\n\n\n\n<ul class=\"wp-block-list\"><li> die mit einer hohen Informationsdichte umgehen k\u00f6nnen bzw. ein hohes Lerntempo aufweisen,<\/li><li> die ein herausragendes Talent haben, <\/li><li> die zu originellen L\u00f6sungen und Ideen f\u00e4hig sind, <\/li><li> die erfolgreich an Wettbewerben teilgenommen haben oder <\/li><li> die eine gutes Notenbild ohne M\u00fche erreichen<\/li><\/ul>\n\n\n\n<p>Weitere Informationen unter: <a href=\"https:\/\/enrichment.schleswig-holstein.de\/content\/information.php\"><strong>Enrichment &#8211; Begabtenf\u00f6rderung in Schleswig-Holstein<\/strong><\/a><\/p>\n\n\n\n<p>Die Holstenschule ist dar\u00fcber hinaus eine St\u00fctzpunktschule des Enrichment-Programms, was bedeutet, dass Lehrer*innen der Schule Kurse anbieten und diese dann auch an der Holstenschule durchgef\u00fchrt werden.<\/p>\n\n\n\n<p>Die zweite langj\u00e4hrige S\u00e4ule der Begabtenf\u00f6rderung an der Holstenschule ist die Empfehlung von Sch\u00fcler*innen zur Teilnahme an der Deutschen Sch\u00fclerAkademie (Oberstufe) bzw. den Deutschen JuniorAkademien in Bad Segeberg (Klassenstufen 6. und 7.) und St. Peter-Ording (Klassenstufen 8. und 9.). Auch hier wird die Auswahl von der Klassenkonferenz getroffen. Da nur die jahrgangsbesten Sch\u00fcler*innen von zwei Jahrg\u00e4ngen ausgew\u00e4hlt werden und sich die vorgeschlagenen Sch\u00fcler*innen noch einmal bei den Akademien bewerben m\u00fcssen, ist schon der Vorschlag der Klassenkonferenzen als gro\u00dfe Auszeichnung zu verstehen. Die Sch\u00fcler*innen der Holstenschule, die bislang an einer der Akademien beteiligt waren, haben von spannenden und anregenden Tagen berichtet.<\/p>\n\n\n\n<p>Neben diesen beiden traditionellen S\u00e4ulen der Begabtenf\u00f6rderung werden momentan im Zuge der R\u00fcckkehr zu G9 weitere Instrumente entwickelt. Ein an der Holstenschule bereits angelaufenes Programm sind die \u201eSch\u00fclerlotsen\u201c. Bei diesen handelt es sich um Sch\u00fcler*innen, die an einem Kompaktwochenende Informationen zu der k\u00fcnftigen Begabtenf\u00f6rderung an Gymnasien in Schleswig-Holstein erhalten und gemeinsam mit den Lehrer*innen die Ausgestaltung der Begabtenf\u00f6rderung planen. Dar\u00fcber hinaus k\u00f6nne sie als niederschwellige Berater*innen f\u00fcr Fragen zu Aspekten der Begabtenf\u00f6rderung anderer Sch\u00fcler*innen auftreten.<\/p>\n\n\n\n<p>Die letzte Neuerung betrifft die Verl\u00e4ngerung der Schulzeit in der Mittelstufe im Rahmen von G9. Das Ministerium gemeinsam mit dem IQSH hat hier Instrumente geschaffen, mit denen Sch\u00fcler*innen das \u00dcberspringen einer Jahrgangsstufe vor allem in der Mittelstufe bzw. die Teilnahme im Unterricht in bestimmten F\u00e4chern einer h\u00f6heren Jahrgangsstufe erm\u00f6glicht werden soll (beides l\u00e4uft unter dem Namen \u201eDreht\u00fcrmodell\u201c). Sch\u00fcler*innen, die eine Jahrgangsstufe \u00fcberspringen, werden unter anderem durch Online-Seminare unterst\u00fctzt, um ggf. fehlenden Unterrichtsstoff aufholen zu k\u00f6nnen.   <\/p>\n","protected":false},"excerpt":{"rendered":"<p>F\u00fcr besonders begabte und interessierte Sch\u00fcler*innen gibt es an der Holstenschule einige Angebote, mit denen ihnen auch durch au\u00dferunterrichtliche Impulse weitere Entwicklungsm\u00f6glichkeiten gegeben werden sollen. Die \u201etraditionellen\u201c, d.h. schon langj\u00e4hrig erprobten Angebote sind das Enrichment \u2013 Programm und die Sch\u00fcler- bzw. Juniorakademie. Das Enrichment \u2013 Programm soll laut Homepage \u201ebesonders begabten und interessierten Sch\u00fclerinnen und [&hellip;]<\/p>\n","protected":false},"author":1,"featured_media":0,"parent":0,"menu_order":0,"comment_status":"closed","ping_status":"closed","template":"page_eltern.php","meta":{"_uag_custom_page_level_css":"","advgb_blocks_editor_width":"","advgb_blocks_columns_visual_guide":"","footnotes":""},"class_list":["post-14563","page","type-page","status-publish","hentry"],"uagb_featured_image_src":{"full":false,"thumbnail":false,"medium":false,"medium_large":false,"large":false,"1536x1536":false,"2048x2048":false},"uagb_author_info":{"display_name":"","author_link":"https:\/\/www.holstenschule.de\/info\/author\/"},"uagb_comment_info":0,"uagb_excerpt":"F\u00fcr besonders begabte und interessierte Sch\u00fcler*innen gibt es an der Holstenschule einige Angebote, mit denen ihnen auch durch au\u00dferunterrichtliche Impulse weitere Entwicklungsm\u00f6glichkeiten gegeben werden sollen. Die \u201etraditionellen\u201c, d.h. schon langj\u00e4hrig erprobten Angebote sind das Enrichment \u2013 Programm und die Sch\u00fcler- bzw. Juniorakademie. Das Enrichment \u2013 Programm soll laut Homepage \u201ebesonders begabten und interessierten Sch\u00fclerinnen und&hellip;","coauthors":[],"author_meta":{"author_link":"https:\/\/www.holstenschule.de\/info\/author\/","display_name":""},"relative_dates":{"created":"Posted 6\u00a0Jahren ago","modified":"Updated 4\u00a0Jahren ago"},"absolute_dates":{"created":"Posted on 31. Oktober 2019","modified":"Updated on 1. Januar 2022"},"absolute_dates_time":{"created":"Posted on 31. Oktober 2019 11:46","modified":"Updated on 1. Januar 2022 15:51"},"featured_img_caption":"","featured_img":false,"series_order":"","_links":{"self":[{"href":"https:\/\/www.holstenschule.de\/info\/wp-json\/wp\/v2\/pages\/14563","targetHints":{"allow":["GET"]}}],"collection":[{"href":"https:\/\/www.holstenschule.de\/info\/wp-json\/wp\/v2\/pages"}],"about":[{"href":"https:\/\/www.holstenschule.de\/info\/wp-json\/wp\/v2\/types\/page"}],"author":[{"embeddable":true,"href":"https:\/\/www.holstenschule.de\/info\/wp-json\/wp\/v2\/users\/1"}],"replies":[{"embeddable":true,"href":"https:\/\/www.holstenschule.de\/info\/wp-json\/wp\/v2\/comments?post=14563"}],"version-history":[{"count":2,"href":"https:\/\/www.holstenschule.de\/info\/wp-json\/wp\/v2\/pages\/14563\/revisions"}],"predecessor-version":[{"id":18787,"href":"https:\/\/www.holstenschule.de\/info\/wp-json\/wp\/v2\/pages\/14563\/revisions\/18787"}],"wp:attachment":[{"href":"https:\/\/www.holstenschule.de\/info\/wp-json\/wp\/v2\/media?parent=14563"}],"curies":[{"name":"wp","href":"https:\/\/api.w.org\/{rel}","templated":true}]}}