{"id":14466,"date":"2019-10-21T02:02:54","date_gmt":"2019-10-21T00:02:54","guid":{"rendered":"http:\/\/localhost:8080\/wordpr\/?page_id=14466"},"modified":"2019-11-27T22:21:25","modified_gmt":"2019-11-27T21:21:25","slug":"buechereiordnung","status":"publish","type":"page","link":"https:\/\/www.holstenschule.de\/info\/buechereiordnung\/","title":{"rendered":"B\u00fcchereiordnung"},"content":{"rendered":"\n<figure class=\"wp-block-image size-large\"><img loading=\"lazy\" decoding=\"async\" width=\"896\" height=\"178\" src=\"https:\/\/www.holstenschule.de\/info\/wp-content\/uploads\/2019\/11\/b\u00fcchereiordnung-896x178.jpg\" alt=\"\" class=\"wp-image-15816\" srcset=\"https:\/\/www.holstenschule.de\/info\/wp-content\/uploads\/2019\/11\/b\u00fcchereiordnung-896x178.jpg 896w, https:\/\/www.holstenschule.de\/info\/wp-content\/uploads\/2019\/11\/b\u00fcchereiordnung-400x80.jpg 400w, https:\/\/www.holstenschule.de\/info\/wp-content\/uploads\/2019\/11\/b\u00fcchereiordnung-768x153.jpg 768w, https:\/\/www.holstenschule.de\/info\/wp-content\/uploads\/2019\/11\/b\u00fcchereiordnung.jpg 900w\" sizes=\"auto, (max-width: 896px) 100vw, 896px\" \/><\/figure>\n\n\n\n<p>Sehr\ngeehrte Eltern, liebe Sch\u00fclerinnen und Sch\u00fcler, \n<\/p>\n\n\n\n<p>alle\nSch\u00fclerinnen und Sch\u00fcler der Holstenschule erhalten von der Schule\nim Rahmen der Lernmittelfreiheit B\u00fccher, die einen erheblichen Wert\nbesitzen. Damit diese B\u00fccher m\u00f6glichst lange genutzt werden k\u00f6nnen,\nist ein verantwortungsvoller Umgang mit ihnen notwendig. \n<\/p>\n\n\n\n<p>Jede(r)\nAusleihende verpflichtet sich, die von der Holstenschule \u00fcberlassenen\nB\u00fccher pfleglich zu behandeln bzw. die folgenden Ma\u00dfnahmen zum\nSchutz ihrer\/ seiner B\u00fccher durchzuf\u00fchren:<\/p>\n\n\n\n<ol class=\"wp-block-list\"><li>\n\n\tNach Erhalt werden in den Ausleihstempel unbedingt Name, Klasse und\n\tSchuljahr lesbar eingetragen. So k\u00f6nnen verlorene und wieder\n\tgefundene B\u00fccher leichter zugeordnet werden.\n\t<\/li><li>\n\n\tJedes Buch ist bei der Ausgabe auf eventuelle Eintr\u00e4ge bzw. Sch\u00e4den\n\tzu kontrollieren. Diese werden mit Datum von der Lehrkraft vorn im\n\tBuch vermerkt.\n\t<\/li><li>\n\n\tDie ausgeliehenen B\u00fccher m\u00fcssen mit gekauftem Folienumschlag oder\n\tmit kr\u00e4ftigem Einschlagpapier\/kr\u00e4ftiger Folie eingeschlagen\n\twerden. Dabei d\u00fcrfen das didaktische Material wie Karten, Tabellen,\n\tSchaubilder im vorderen und hinteren Innendeckel sowie der Barcode\n\t(im hinteren Innendeckel) nicht durch Tesastreifen o.\u00e4. besch\u00e4digt\n\twerden.<br \/>\nDies muss nach sp\u00e4testens 14 Tagen erfolgt sein!\n\t<\/li><li>\n\n\tIn den B\u00fcchern d\u00fcrfen keine handschriftlichen Eintr\u00e4ge oder\n\tMarkierungen (auch nicht mit Bleistift) get\u00e4tigt werden.\n<\/li><\/ol>\n\n\n\n<p><strong>Haftung <\/strong><br \/>Jede(r) Ausleihende muss bei R\u00fcckgabe der B\u00fccher f\u00fcr Sch\u00e4den, die w\u00e4hrend des Schuljahres entstanden sind und die \u00fcber den normalen Verschlei\u00df durch Gebrauch hinausgehen bzw. bei nicht R\u00fcckgabe eines erhaltenen Buches, Schadensersatz leisten (Teilbetr\u00e4ge bis hin zum Nachkauf).  <\/p>\n\n\n\n<p>Der\nVerlust eines Buches muss dem B\u00fccherei-Team umgehend mitgeteilt\nwerden.<\/p>\n\n\n\n<p>Die\nB\u00fccherei ist t\u00e4glich in der gro\u00dfen Pause (ab 10.30 Uhr) besetzt.<\/p>\n\n\n\n<p>Das\nB\u00fccherei-Team (September 2019)<\/p>\n","protected":false},"excerpt":{"rendered":"<p>Sehr geehrte Eltern, liebe Sch\u00fclerinnen und Sch\u00fcler, alle Sch\u00fclerinnen und Sch\u00fcler der Holstenschule erhalten von der Schule im Rahmen der Lernmittelfreiheit B\u00fccher, die einen erheblichen Wert besitzen. Damit diese B\u00fccher m\u00f6glichst lange genutzt werden k\u00f6nnen, ist ein verantwortungsvoller Umgang mit ihnen notwendig. Jede(r) Ausleihende verpflichtet sich, die von der Holstenschule \u00fcberlassenen B\u00fccher pfleglich zu behandeln [&hellip;]<\/p>\n","protected":false},"author":1,"featured_media":0,"parent":0,"menu_order":0,"comment_status":"closed","ping_status":"closed","template":"page_regelungen.php","meta":{"_uag_custom_page_level_css":"","advgb_blocks_editor_width":"","advgb_blocks_columns_visual_guide":"","footnotes":""},"class_list":["post-14466","page","type-page","status-publish","hentry"],"uagb_featured_image_src":{"full":false,"thumbnail":false,"medium":false,"medium_large":false,"large":false,"1536x1536":false,"2048x2048":false},"uagb_author_info":{"display_name":"","author_link":"https:\/\/www.holstenschule.de\/info\/author\/"},"uagb_comment_info":0,"uagb_excerpt":"Sehr geehrte Eltern, liebe Sch\u00fclerinnen und Sch\u00fcler, alle Sch\u00fclerinnen und Sch\u00fcler der Holstenschule erhalten von der Schule im Rahmen der Lernmittelfreiheit B\u00fccher, die einen erheblichen Wert besitzen. Damit diese B\u00fccher m\u00f6glichst lange genutzt werden k\u00f6nnen, ist ein verantwortungsvoller Umgang mit ihnen notwendig. Jede(r) Ausleihende verpflichtet sich, die von der Holstenschule \u00fcberlassenen B\u00fccher pfleglich zu behandeln&hellip;","coauthors":[],"author_meta":{"author_link":"https:\/\/www.holstenschule.de\/info\/author\/","display_name":""},"relative_dates":{"created":"Posted 7\u00a0Jahren ago","modified":"Updated 6\u00a0Jahren ago"},"absolute_dates":{"created":"Posted on 21. Oktober 2019","modified":"Updated on 27. November 2019"},"absolute_dates_time":{"created":"Posted on 21. Oktober 2019 02:02","modified":"Updated on 27. November 2019 22:21"},"featured_img_caption":"","featured_img":false,"series_order":"","_links":{"self":[{"href":"https:\/\/www.holstenschule.de\/info\/wp-json\/wp\/v2\/pages\/14466","targetHints":{"allow":["GET"]}}],"collection":[{"href":"https:\/\/www.holstenschule.de\/info\/wp-json\/wp\/v2\/pages"}],"about":[{"href":"https:\/\/www.holstenschule.de\/info\/wp-json\/wp\/v2\/types\/page"}],"author":[{"embeddable":true,"href":"https:\/\/www.holstenschule.de\/info\/wp-json\/wp\/v2\/users\/1"}],"replies":[{"embeddable":true,"href":"https:\/\/www.holstenschule.de\/info\/wp-json\/wp\/v2\/comments?post=14466"}],"version-history":[{"count":0,"href":"https:\/\/www.holstenschule.de\/info\/wp-json\/wp\/v2\/pages\/14466\/revisions"}],"wp:attachment":[{"href":"https:\/\/www.holstenschule.de\/info\/wp-json\/wp\/v2\/media?parent=14466"}],"curies":[{"name":"wp","href":"https:\/\/api.w.org\/{rel}","templated":true}]}}