{"id":14437,"date":"2019-10-21T01:24:17","date_gmt":"2019-10-20T23:24:17","guid":{"rendered":"http:\/\/localhost:8080\/wordpr\/?page_id=14437"},"modified":"2024-12-30T09:34:59","modified_gmt":"2024-12-30T08:34:59","slug":"konfliktlotsen-2","status":"publish","type":"page","link":"https:\/\/www.holstenschule.de\/info\/konfliktlotsen-2\/","title":{"rendered":"Konfliktlotsen"},"content":{"rendered":"\n<figure class=\"wp-block-image size-large\"><img loading=\"lazy\" decoding=\"async\" width=\"896\" height=\"672\" src=\"https:\/\/www.holstenschule.de\/info\/wp-content\/uploads\/2024\/12\/IMG_3310-1-896x672.jpg\" alt=\"\" class=\"wp-image-21792\" srcset=\"https:\/\/www.holstenschule.de\/info\/wp-content\/uploads\/2024\/12\/IMG_3310-1-896x672.jpg 896w, https:\/\/www.holstenschule.de\/info\/wp-content\/uploads\/2024\/12\/IMG_3310-1-400x300.jpg 400w, https:\/\/www.holstenschule.de\/info\/wp-content\/uploads\/2024\/12\/IMG_3310-1-768x576.jpg 768w, https:\/\/www.holstenschule.de\/info\/wp-content\/uploads\/2024\/12\/IMG_3310-1-1536x1152.jpg 1536w, https:\/\/www.holstenschule.de\/info\/wp-content\/uploads\/2024\/12\/IMG_3310-1-2048x1536.jpg 2048w\" sizes=\"auto, (max-width: 896px) 100vw, 896px\" \/><\/figure>\n\n\n\n<p>Konflikte\nsind normal. Manchmal braucht man Hilfe, um sie zu kl\u00e4ren.<\/p>\n\n\n\n<p>Daher gibt es seit Mai 2014 an der Holstenschule ein Konfliktlotsen-Programm.  Zweck der sogenannten Peer-Group-Mediation ist es, Sch\u00fcler*innen ihre Probleme selbst\u00e4ndig untereinander regeln zu lassen, was die Eigenverantwortung, die Kommunikationsf\u00e4higkeit und damit die Nachhaltigkeit der Probleml\u00f6sung f\u00f6rdert, weil die Kontrahent*innen eine tragf\u00e4hige, von beiden Seiten als gerecht empfundene L\u00f6sung erarbeitet haben. Unterst\u00fctzt werden sie dabei von engagierten Sch\u00fcler*innen, die daf\u00fcr eine praxisnahe Ausbildung absolviert haben. Im Rahmen des Programms sind bereits eine Reihe von Konflikten erfolgreich geschlichtet worden.   <\/p>\n\n\n\n<p>Die Verantwortung f\u00fcr die Kl\u00e4rung bleibt aber immer ganz eindeutig bei den Lehrkr\u00e4ften. Das gilt insbesondere, wenn es es sich um schwerwiegende F\u00e4lle oder gar Mobbing handelt, das von den Konfliktlots*innen ausdr\u00fccklich nicht bearbeitet wird. Sollten solche F\u00e4lle im Rahmen eines Schlichtungsversuchs offenkundig werden, werden die Sch\u00fcler*innen an die Lehrkr\u00e4fte zur\u00fcck\u00fcberwiesen, die sich der Angelegenheit dann mit anderen Mitteln annehmen. Oft f\u00e4llt es den betroffenen Sch\u00fcler*innen aber erheblich leichter, sich in dieser belastenden Situation zun\u00e4chst einmal Jugendlichen anzuvertrauen, die die Sache aufnehmen und weiterleiten. So k\u00f6nnen die Konfliktlots*innen auch eine wichtige Rolle in der Mobbingpr\u00e4vention einnehmen.<\/p>\n\n\n\n<p>Damit verf\u00fcgt die Holstenschule \u00fcber ein weiteres Element im Rahmen der Pr\u00e4vention, das die ohnehin schon gute Schulatmosph\u00e4re, die allen am Schulleben Beteiligten sehr wichtig ist, weiter stabilisiert.<\/p>\n\n\n\n<p>Im Juli 2023 haben 12 nominierte Sch\u00fcler*innen des jetzigen E-Jahrgangs, die Interesse daran haben, das gute Miteinander zu festigen, an der Ausbildung in der Jugendakademie Bad Segeberg teilgenommen. Im Juli 2024 folgte die Ausbildung von 11 Sch\u00fcler*innen des jetzigen 10. Jahrgangs. Wir freuen uns, dass der Verein der Freunde, der Kulturfonds und die Sparkassen Stiftung die Ausbildung finanziert haben. <\/p>\n\n\n\n<p>F\u00fcr weitere Fragen stehen Herr Drenckhan, Frau Holm und  Frau Sa\u00df zur Verf\u00fcgung.<\/p>\n\n\n\n<figure class=\"wp-block-image size-large\"><img loading=\"lazy\" decoding=\"async\" width=\"896\" height=\"597\" src=\"https:\/\/www.holstenschule.de\/info\/wp-content\/uploads\/2023\/12\/Konfliktlotsen-896x597.jpeg\" alt=\"\" class=\"wp-image-20863\" srcset=\"https:\/\/www.holstenschule.de\/info\/wp-content\/uploads\/2023\/12\/Konfliktlotsen-896x597.jpeg 896w, https:\/\/www.holstenschule.de\/info\/wp-content\/uploads\/2023\/12\/Konfliktlotsen-400x267.jpeg 400w, https:\/\/www.holstenschule.de\/info\/wp-content\/uploads\/2023\/12\/Konfliktlotsen-768x512.jpeg 768w, https:\/\/www.holstenschule.de\/info\/wp-content\/uploads\/2023\/12\/Konfliktlotsen-1536x1024.jpeg 1536w, https:\/\/www.holstenschule.de\/info\/wp-content\/uploads\/2023\/12\/Konfliktlotsen-2048x1365.jpeg 2048w\" sizes=\"auto, (max-width: 896px) 100vw, 896px\" \/><\/figure>\n","protected":false},"excerpt":{"rendered":"<p>Konflikte sind normal. Manchmal braucht man Hilfe, um sie zu kl\u00e4ren. Daher gibt es seit Mai 2014 an der Holstenschule ein Konfliktlotsen-Programm. Zweck der sogenannten Peer-Group-Mediation ist es, Sch\u00fcler*innen ihre Probleme selbst\u00e4ndig untereinander regeln zu lassen, was die Eigenverantwortung, die Kommunikationsf\u00e4higkeit und damit die Nachhaltigkeit der Probleml\u00f6sung f\u00f6rdert, weil die Kontrahent*innen eine tragf\u00e4hige, von beiden [&hellip;]<\/p>\n","protected":false},"author":1,"featured_media":0,"parent":0,"menu_order":0,"comment_status":"closed","ping_status":"closed","template":"page_schueler.php","meta":{"_uag_custom_page_level_css":"","advgb_blocks_editor_width":"","advgb_blocks_columns_visual_guide":"","footnotes":""},"class_list":["post-14437","page","type-page","status-publish","hentry"],"uagb_featured_image_src":{"full":false,"thumbnail":false,"medium":false,"medium_large":false,"large":false,"1536x1536":false,"2048x2048":false},"uagb_author_info":{"display_name":"","author_link":"https:\/\/www.holstenschule.de\/info\/author\/"},"uagb_comment_info":0,"uagb_excerpt":"Konflikte sind normal. Manchmal braucht man Hilfe, um sie zu kl\u00e4ren. Daher gibt es seit Mai 2014 an der Holstenschule ein Konfliktlotsen-Programm. Zweck der sogenannten Peer-Group-Mediation ist es, Sch\u00fcler*innen ihre Probleme selbst\u00e4ndig untereinander regeln zu lassen, was die Eigenverantwortung, die Kommunikationsf\u00e4higkeit und damit die Nachhaltigkeit der Probleml\u00f6sung f\u00f6rdert, weil die Kontrahent*innen eine tragf\u00e4hige, von beiden&hellip;","coauthors":[],"author_meta":{"author_link":"https:\/\/www.holstenschule.de\/info\/author\/","display_name":""},"relative_dates":{"created":"Posted 7\u00a0Jahren ago","modified":"Updated 1\u00a0Jahr ago"},"absolute_dates":{"created":"Posted on 21. Oktober 2019","modified":"Updated on 30. Dezember 2024"},"absolute_dates_time":{"created":"Posted on 21. Oktober 2019 01:24","modified":"Updated on 30. Dezember 2024 09:34"},"featured_img_caption":"","featured_img":false,"series_order":"","_links":{"self":[{"href":"https:\/\/www.holstenschule.de\/info\/wp-json\/wp\/v2\/pages\/14437","targetHints":{"allow":["GET"]}}],"collection":[{"href":"https:\/\/www.holstenschule.de\/info\/wp-json\/wp\/v2\/pages"}],"about":[{"href":"https:\/\/www.holstenschule.de\/info\/wp-json\/wp\/v2\/types\/page"}],"author":[{"embeddable":true,"href":"https:\/\/www.holstenschule.de\/info\/wp-json\/wp\/v2\/users\/1"}],"replies":[{"embeddable":true,"href":"https:\/\/www.holstenschule.de\/info\/wp-json\/wp\/v2\/comments?post=14437"}],"version-history":[{"count":4,"href":"https:\/\/www.holstenschule.de\/info\/wp-json\/wp\/v2\/pages\/14437\/revisions"}],"predecessor-version":[{"id":21793,"href":"https:\/\/www.holstenschule.de\/info\/wp-json\/wp\/v2\/pages\/14437\/revisions\/21793"}],"wp:attachment":[{"href":"https:\/\/www.holstenschule.de\/info\/wp-json\/wp\/v2\/media?parent=14437"}],"curies":[{"name":"wp","href":"https:\/\/api.w.org\/{rel}","templated":true}]}}