{"id":14427,"date":"2019-10-21T01:09:21","date_gmt":"2019-10-20T23:09:21","guid":{"rendered":"http:\/\/localhost:8080\/wordpr\/?page_id=14427"},"modified":"2025-09-25T19:41:34","modified_gmt":"2025-09-25T17:41:34","slug":"schuelervertretung-2","status":"publish","type":"page","link":"https:\/\/www.holstenschule.de\/info\/schuelervertretung-2\/","title":{"rendered":"Sch\u00fclervertretung"},"content":{"rendered":"\n<p><strong>Willst du die Schule mitgestalten?<\/strong><\/p>\n\n\n\n<p>Auch in diesem Schuljahr habt ihr wieder die M\u00f6glichkeit, euch f\u00fcr die Sch\u00fclervertretung zu bewerben und unsere Schule aktiv mitzugestalten.<\/p>\n\n\n\n<ul class=\"wp-block-list\">\n<li>F\u00fcr die Klassen 5\u20138: Ihr k\u00f6nnt euch f\u00fcr die Juniorsch\u00fclervertretung (JRSV) bewerben.<\/li>\n\n\n\n<li>Ab Klasse 9: Ihr k\u00f6nnt euch f\u00fcr die Seniorsch\u00fclervertretung (SRSV) bewerben.<\/li>\n<\/ul>\n\n\n\n<p>Die Sch\u00fclervertretung vertritt die Interessen aller Sch\u00fclerinnen und Sch\u00fcler und plant Projekte, Aktionen und Veranstaltungen. Wenn ihr Lust habt, Verantwortung zu \u00fcbernehmen und euch f\u00fcr eure Mitsch\u00fclerinnen und Mitsch\u00fcler einzusetzen, dann nutzt diese Chance!<\/p>\n\n\n\n<p>Wichtige Termine:<\/p>\n\n\n\n<ul class=\"wp-block-list\">\n<li>Bewerbungsschluss: 01.10.2025<\/li>\n\n\n\n<li>Wahlen beim Sch\u00fclerparlament: 07.10.2025<\/li>\n<\/ul>\n\n\n\n<p>So bewerbt ihr euch:<\/p>\n\n\n\n<p>Schreibt eure Bewerbung schriftlich (Papierform oder per Mail) und reicht sie bis sp\u00e4testens 01.10.2025 bei Herrn Drenckhan, Frau D\u00f6rksen oder eurer Klassenlehrkraft ein.<\/p>\n\n\n\n<p>In die Bewerbung schreibt ihr bitte euren vollst\u00e4ndigen Namen (Vor- und Nachname), eure Klasse und eine Begr\u00fcndung, warum ihr Teil der Sch\u00fclervertretung werden wollt.<\/p>\n\n\n\n<p>Wir freuen uns auf engagierte Sch\u00fclerinnen un Sch\u00fcler, die unsere Schule mitgestalten m\u00f6chten!<\/p>\n","protected":false},"excerpt":{"rendered":"<p>Willst du die Schule mitgestalten? Auch in diesem Schuljahr habt ihr wieder die M\u00f6glichkeit, euch f\u00fcr die Sch\u00fclervertretung zu bewerben und unsere Schule aktiv mitzugestalten. Die Sch\u00fclervertretung vertritt die Interessen aller Sch\u00fclerinnen und Sch\u00fcler und plant Projekte, Aktionen und Veranstaltungen. Wenn ihr Lust habt, Verantwortung zu \u00fcbernehmen und euch f\u00fcr eure Mitsch\u00fclerinnen und Mitsch\u00fcler einzusetzen, [&hellip;]<\/p>\n","protected":false},"author":1,"featured_media":0,"parent":0,"menu_order":0,"comment_status":"closed","ping_status":"closed","template":"page_schueler.php","meta":{"_uag_custom_page_level_css":"","advgb_blocks_editor_width":"","advgb_blocks_columns_visual_guide":"","footnotes":""},"class_list":["post-14427","page","type-page","status-publish","hentry"],"uagb_featured_image_src":{"full":false,"thumbnail":false,"medium":false,"medium_large":false,"large":false,"1536x1536":false,"2048x2048":false},"uagb_author_info":{"display_name":"","author_link":"https:\/\/www.holstenschule.de\/info\/author\/"},"uagb_comment_info":0,"uagb_excerpt":"Willst du die Schule mitgestalten? Auch in diesem Schuljahr habt ihr wieder die M\u00f6glichkeit, euch f\u00fcr die Sch\u00fclervertretung zu bewerben und unsere Schule aktiv mitzugestalten. Die Sch\u00fclervertretung vertritt die Interessen aller Sch\u00fclerinnen und Sch\u00fcler und plant Projekte, Aktionen und Veranstaltungen. Wenn ihr Lust habt, Verantwortung zu \u00fcbernehmen und euch f\u00fcr eure Mitsch\u00fclerinnen und Mitsch\u00fcler einzusetzen,&hellip;","coauthors":[],"author_meta":{"author_link":"https:\/\/www.holstenschule.de\/info\/author\/","display_name":""},"relative_dates":{"created":"Posted 7\u00a0Jahren ago","modified":"Updated 7\u00a0Monaten ago"},"absolute_dates":{"created":"Posted on 21. Oktober 2019","modified":"Updated on 25. September 2025"},"absolute_dates_time":{"created":"Posted on 21. Oktober 2019 01:09","modified":"Updated on 25. September 2025 19:41"},"featured_img_caption":"","featured_img":false,"series_order":"","_links":{"self":[{"href":"https:\/\/www.holstenschule.de\/info\/wp-json\/wp\/v2\/pages\/14427","targetHints":{"allow":["GET"]}}],"collection":[{"href":"https:\/\/www.holstenschule.de\/info\/wp-json\/wp\/v2\/pages"}],"about":[{"href":"https:\/\/www.holstenschule.de\/info\/wp-json\/wp\/v2\/types\/page"}],"author":[{"embeddable":true,"href":"https:\/\/www.holstenschule.de\/info\/wp-json\/wp\/v2\/users\/1"}],"replies":[{"embeddable":true,"href":"https:\/\/www.holstenschule.de\/info\/wp-json\/wp\/v2\/comments?post=14427"}],"version-history":[{"count":3,"href":"https:\/\/www.holstenschule.de\/info\/wp-json\/wp\/v2\/pages\/14427\/revisions"}],"predecessor-version":[{"id":23047,"href":"https:\/\/www.holstenschule.de\/info\/wp-json\/wp\/v2\/pages\/14427\/revisions\/23047"}],"wp:attachment":[{"href":"https:\/\/www.holstenschule.de\/info\/wp-json\/wp\/v2\/media?parent=14427"}],"curies":[{"name":"wp","href":"https:\/\/api.w.org\/{rel}","templated":true}]}}