{"id":14422,"date":"2019-10-21T00:58:18","date_gmt":"2019-10-20T22:58:18","guid":{"rendered":"http:\/\/localhost:8080\/wordpr\/?page_id=14422"},"modified":"2025-11-20T22:47:53","modified_gmt":"2025-11-20T21:47:53","slug":"sozialarbeit","status":"publish","type":"page","link":"https:\/\/www.holstenschule.de\/info\/sozialarbeit\/","title":{"rendered":"Schulsozialarbeit"},"content":{"rendered":"\n<p>Hallo, Moin und Guten Tag!<br \/>Ich bin Svenja Wiorek die Schulsozialarbeiterin an deiner Schule.<br \/>Du hast Sorgen, Schwierigkeiten oder \u00c4ngste? Oder einfach nur das Bed\u00fcrfnis mal mit jemandem zu reden? Dann melde Dich gerne bei mir und wir vereinbaren einen Termin.<\/p>\n\n\n\n<p>Gemeinsam schauen wir dann nach L\u00f6sungen!<br \/>Ich berate, begleite und unterst\u00fctze dich gerne bei \u2026<br \/>\u2026 deinen Schwierigkeiten in der Schule,<br \/>\u2026 Konflikten mit deinen Mitsch\u00fcler*innen oder Lehrkr\u00e4ften,<br \/>\u2026 Problemen Zuhause<br \/>\u2026 Sucht und psychischen Erkrankungen,<br \/>\u2026 Mobbing<br \/>\u2026 und noch so vielen anderen Themen.<\/p>\n\n\n\n<figure class=\"wp-block-image size-large\"><img loading=\"lazy\" decoding=\"async\" width=\"896\" height=\"504\" src=\"https:\/\/www.holstenschule.de\/info\/wp-content\/uploads\/2025\/11\/DSC00085-896x504.jpg\" alt=\"\" class=\"wp-image-23096\" srcset=\"https:\/\/www.holstenschule.de\/info\/wp-content\/uploads\/2025\/11\/DSC00085-896x504.jpg 896w, https:\/\/www.holstenschule.de\/info\/wp-content\/uploads\/2025\/11\/DSC00085-400x225.jpg 400w, https:\/\/www.holstenschule.de\/info\/wp-content\/uploads\/2025\/11\/DSC00085-768x432.jpg 768w, https:\/\/www.holstenschule.de\/info\/wp-content\/uploads\/2025\/11\/DSC00085-1536x864.jpg 1536w, https:\/\/www.holstenschule.de\/info\/wp-content\/uploads\/2025\/11\/DSC00085.jpg 2048w\" sizes=\"auto, (max-width: 896px) 100vw, 896px\" \/><\/figure>\n\n\n\n<p>Ein wichtiger Hinweis noch f\u00fcr Dich:<br \/>Alle Gespr\u00e4che sind <strong>vertraulich &amp; freiwillig<\/strong>.<br \/>Du entscheidest! Du kommst, wenn Du es m\u00f6chtest und erz\u00e4hlst, wann und was Du m\u00f6chtest!<\/p>\n\n\n\n<p>Meine Arbeitszeiten sind t\u00e4glich von 8:30 Uhr bis 14 Uhr.<br \/>Komm gerne einfach bei mir im B\u00fcro vorbei, oder sprich mich auf dem Schulhof an.<\/p>\n\n\n\n<p>Du findest mich nicht? Dann wirf mir eine kleine Notiz in den Briefkasten, schreib mir eine<br \/>Mail oder ruf mich an.<\/p>\n\n\n\n<p><strong>E-Mail:<\/strong> svenja.wiorek(at)neumuenster.de<br \/><strong>Telefon:<\/strong> 04321 942 4169<br \/><strong>Mobil:<\/strong> 0162 2038260<\/p>\n","protected":false},"excerpt":{"rendered":"<p>Hallo, Moin und Guten Tag!Ich bin Svenja Wiorek die Schulsozialarbeiterin an deiner Schule.Du hast Sorgen, Schwierigkeiten oder \u00c4ngste? Oder einfach nur das Bed\u00fcrfnis mal mit jemandem zu reden? Dann melde Dich gerne bei mir und wir vereinbaren einen Termin. Gemeinsam schauen wir dann nach L\u00f6sungen!Ich berate, begleite und unterst\u00fctze dich gerne bei \u2026\u2026 deinen Schwierigkeiten [&hellip;]<\/p>\n","protected":false},"author":1,"featured_media":0,"parent":0,"menu_order":0,"comment_status":"closed","ping_status":"closed","template":"page_schueler.php","meta":{"_uag_custom_page_level_css":"","advgb_blocks_editor_width":"","advgb_blocks_columns_visual_guide":"","footnotes":""},"class_list":["post-14422","page","type-page","status-publish","hentry"],"uagb_featured_image_src":{"full":false,"thumbnail":false,"medium":false,"medium_large":false,"large":false,"1536x1536":false,"2048x2048":false},"uagb_author_info":{"display_name":"","author_link":"https:\/\/www.holstenschule.de\/info\/author\/"},"uagb_comment_info":0,"uagb_excerpt":"Hallo, Moin und Guten Tag!Ich bin Svenja Wiorek die Schulsozialarbeiterin an deiner Schule.Du hast Sorgen, Schwierigkeiten oder \u00c4ngste? Oder einfach nur das Bed\u00fcrfnis mal mit jemandem zu reden? Dann melde Dich gerne bei mir und wir vereinbaren einen Termin. Gemeinsam schauen wir dann nach L\u00f6sungen!Ich berate, begleite und unterst\u00fctze dich gerne bei \u2026\u2026 deinen Schwierigkeiten&hellip;","coauthors":[],"author_meta":{"author_link":"https:\/\/www.holstenschule.de\/info\/author\/","display_name":""},"relative_dates":{"created":"Posted 7\u00a0Jahren ago","modified":"Updated 5\u00a0Monaten ago"},"absolute_dates":{"created":"Posted on 21. Oktober 2019","modified":"Updated on 20. November 2025"},"absolute_dates_time":{"created":"Posted on 21. Oktober 2019 00:58","modified":"Updated on 20. November 2025 22:47"},"featured_img_caption":"","featured_img":false,"series_order":"","_links":{"self":[{"href":"https:\/\/www.holstenschule.de\/info\/wp-json\/wp\/v2\/pages\/14422","targetHints":{"allow":["GET"]}}],"collection":[{"href":"https:\/\/www.holstenschule.de\/info\/wp-json\/wp\/v2\/pages"}],"about":[{"href":"https:\/\/www.holstenschule.de\/info\/wp-json\/wp\/v2\/types\/page"}],"author":[{"embeddable":true,"href":"https:\/\/www.holstenschule.de\/info\/wp-json\/wp\/v2\/users\/1"}],"replies":[{"embeddable":true,"href":"https:\/\/www.holstenschule.de\/info\/wp-json\/wp\/v2\/comments?post=14422"}],"version-history":[{"count":17,"href":"https:\/\/www.holstenschule.de\/info\/wp-json\/wp\/v2\/pages\/14422\/revisions"}],"predecessor-version":[{"id":23098,"href":"https:\/\/www.holstenschule.de\/info\/wp-json\/wp\/v2\/pages\/14422\/revisions\/23098"}],"wp:attachment":[{"href":"https:\/\/www.holstenschule.de\/info\/wp-json\/wp\/v2\/media?parent=14422"}],"curies":[{"name":"wp","href":"https:\/\/api.w.org\/{rel}","templated":true}]}}